{"id":37,"date":"2022-01-31T10:43:09","date_gmt":"2022-01-31T10:43:09","guid":{"rendered":"https:\/\/mozirje.si\/porecje-savinje\/?page_id=37"},"modified":"2022-01-31T10:43:10","modified_gmt":"2022-01-31T10:43:10","slug":"partnerji","status":"publish","type":"page","link":"https:\/\/mozirje.si\/porecje-savinje\/partnerji\/","title":{"rendered":"Partnerji"},"content":{"rendered":"\n<p>Ob\u010dina Mozirje<\/p>\n\n\n\n<p>Ob\u010dina Nazarje<\/p>\n\n\n\n<p>Ob\u010dina Re\u010dica ob Savinji<\/p>\n","protected":false},"excerpt":{"rendered":"<p>Ob\u010dina Mozirje Ob\u010dina Nazarje Ob\u010dina Re\u010dica ob Savinji<\/p>\n","protected":false},"author":2,"featured_media":0,"parent":0,"menu_order":0,"comment_status":"closed","ping_status":"closed","template":"","meta":{"_et_pb_use_builder":"off","_et_pb_old_content":"","_et_gb_content_width":"","footnotes":""},"class_list":["post-37","page","type-page","status-publish","hentry"],"_links":{"self":[{"href":"https:\/\/mozirje.si\/porecje-savinje\/wp-json\/wp\/v2\/pages\/37","targetHints":{"allow":["GET"]}}],"collection":[{"href":"https:\/\/mozirje.si\/porecje-savinje\/wp-json\/wp\/v2\/pages"}],"about":[{"href":"https:\/\/mozirje.si\/porecje-savinje\/wp-json\/wp\/v2\/types\/page"}],"author":[{"embeddable":true,"href":"https:\/\/mozirje.si\/porecje-savinje\/wp-json\/wp\/v2\/users\/2"}],"replies":[{"embeddable":true,"href":"https:\/\/mozirje.si\/porecje-savinje\/wp-json\/wp\/v2\/comments?post=37"}],"version-history":[{"count":1,"href":"https:\/\/mozirje.si\/porecje-savinje\/wp-json\/wp\/v2\/pages\/37\/revisions"}],"predecessor-version":[{"id":40,"href":"https:\/\/mozirje.si\/porecje-savinje\/wp-json\/wp\/v2\/pages\/37\/revisions\/40"}],"wp:attachment":[{"href":"https:\/\/mozirje.si\/porecje-savinje\/wp-json\/wp\/v2\/media?parent=37"}],"curies":[{"name":"wp","href":"https:\/\/api.w.org\/{rel}","templated":true}]}}