{"id":46,"date":"2022-01-31T11:12:16","date_gmt":"2022-01-31T11:12:16","guid":{"rendered":"https:\/\/mozirje.si\/porecje-savinje\/?page_id=46"},"modified":"2022-01-31T11:13:51","modified_gmt":"2022-01-31T11:13:51","slug":"cilji-projekta","status":"publish","type":"page","link":"https:\/\/mozirje.si\/porecje-savinje\/cilji-projekta\/","title":{"rendered":"Cilji projekta"},"content":{"rendered":"\n<p>Sledimo cilju <strong>\u00bbBolj\u0161e stanje okolja in biotske raznovrstnosti\u00ab<\/strong><\/p>\n\n\n\n<p>Projekt se izvaja v okviru Operativnega programa za izvajanje evropske kohezijske politike v obdobju 2014\u22122020, 6. prednostne osi: \u00bbBolj\u0161e stanje okolja in biotske<br>raznovrstnosti\u00ab, Prednostna nalo\u017eba 6.1: Vlaganje v vodni sektor za izpolnitev zahtev pravnega reda Unije na podro\u010dju okolja ter za zadovoljitev potreb po nalo\u017ebah, ki jih opredelijo dr\u017eave \u010dlanice in ki presegajo te zahteve, <strong>Specifi\u010dni cilj 1: Zmanj\u0161evanje emisij v vode zaradi izgradnje infrastrukture za odvajanje in \u010di\u0161\u010denje komunalnih odpadnih voda.<\/strong><\/p>\n\n\n\n<p>V okviru operacije se bo realizacija predvidenih ukrepov spremljala preko naslednjih kazalnikov rezultata, vezano na krovni programski dokument Operativni program za izvajanje evropske kohezijske politike za obdobje 2014-2020:<\/p>\n\n\n\n<ul class=\"wp-block-list\"><li>Pove\u010danje obremenitev s komunalno odpadno vodo iz aglomeracij z obremenitvijo ve\u010djo od 2000 PE, ki se \u010disti na komunalni ali skupni \u010distilni napravi<\/li><\/ul>\n\n\n\n<p>Spremljevalni cilji projekta:<\/p>\n\n\n\n<ul class=\"wp-block-list\"><li>zmanj\u0161anje emisij v vode iz komunalnih virov onesna\u017eenja,<\/li><li>varovanje in za\u0161\u010dita vodnih virov,<\/li><li>sanacija virov onesna\u017eevanja iz naselij,<\/li><li>postavitev optimalnega koncepta odvajanja in \u010di\u0161\u010denja odpadnih vod,<\/li><li>izbolj\u0161ana kakovost povr\u0161inskih in podzemnih voda,<\/li><li>izbolj\u0161ani \u017eivljenjski pogoji prebivalstva,<\/li><li>zmanj\u0161ani pritiski na naravno okolje,<\/li><li>izbolj\u0161ani pogoji za u\u010dinkovito ohranitev biotske raznovrstnosti v regiji in<\/li><li>izbolj\u0161ana varnost pred onesna\u017eevanjem iz kanalizacije.<\/li><\/ul>\n\n\n\n<h2 class=\"wp-block-heading\" id=\"kaj-lahko-pricakujete\">Kaj lahko pri\u010dakujete?<\/h2>\n\n\n\n<ul class=\"wp-block-list\"><li>izgradnja C\u010cN Mozirje z dogradnjo gnili\u0161\u010da<\/li><\/ul>\n\n\n\n<p>Na obmo\u010dju obstoje\u010de \u010distilne naprave v Mozirju je predvidena nova \u010distilna naprava za primarno in sekundarno \u010di\u0161\u010denje komunalne odpadne vode, ki s kapaciteto 6000 PE v celoti zadostila sedanje in bodo\u010de.<\/p>\n\n\n\n<p>Nova tehnologija \u010di\u0161\u010denja odpadne vode za \u010distilno napravo temelji na primarnem mehanskem pred\u010di\u0161\u010denju in sekundarnem biolo\u0161kem \u010di\u0161\u010denju z modificiranim procesom aktivnega blata, ki zagotavlja u\u010dinkovito odstranjevanje du\u0161ikovih spojin v procesu biolo\u0161ke denitrifikacije.<\/p>\n\n\n\n<ul class=\"wp-block-list\"><li><\/li><\/ul>\n\n\n\n<p>Ob\u010dina Mozirje&nbsp; nadaljuje z izgradnjo sekundarnega fekalnega kanalizacijskega omre\u017eja v&nbsp; delu naselja Loke, Nove Loke, jugozahodnem delu Mozirja in ob \u0160mihelski cesti, kjer \u0161e ni urejeno odvajanje odpadnih vod, ki se zaklju\u010duje v \u010distilni napravi Mozirje. &nbsp;Prav tako se ureja &nbsp;neustrezno kanalizacijsko vejo na A\u0161ker\u010devi in Praprotnikovi ulici. novonastajajo\u010de naselje ob \u0160mihelski cesti in se priklju\u010duje na obstoje\u010di kanalizacijski vod.<\/p>\n\n\n\n<p>Izgradnja na\u010drtovane fekalne kanalizacije predstavlja re\u0161itev odvajanja odpadnih vod za obstoje\u010de objekte in za predvidene dopolnilne gradnje znotraj naselja in bo funkcionalno povezana z \u017ee obstoje\u010do kanalizacijo.<\/p>\n\n\n\n<p>Po izgradnji in pridobljenem uporabnem dovoljenju projektirane kanalizacije&nbsp; se obstoje\u010de greznice ukinejo.<\/p>\n","protected":false},"excerpt":{"rendered":"<p>Sledimo cilju \u00bbBolj\u0161e stanje okolja in biotske raznovrstnosti\u00ab Projekt se izvaja v okviru Operativnega programa za izvajanje evropske kohezijske politike v obdobju 2014\u22122020, 6. prednostne osi: \u00bbBolj\u0161e stanje okolja in biotskeraznovrstnosti\u00ab, Prednostna nalo\u017eba 6.1: Vlaganje v vodni sektor za izpolnitev zahtev pravnega reda Unije na podro\u010dju okolja ter za zadovoljitev potreb po nalo\u017ebah, ki jih [&hellip;]<\/p>\n","protected":false},"author":2,"featured_media":0,"parent":0,"menu_order":0,"comment_status":"closed","ping_status":"closed","template":"","meta":{"_et_pb_use_builder":"off","_et_pb_old_content":"","_et_gb_content_width":"","footnotes":""},"class_list":["post-46","page","type-page","status-publish","hentry"],"_links":{"self":[{"href":"https:\/\/mozirje.si\/porecje-savinje\/wp-json\/wp\/v2\/pages\/46","targetHints":{"allow":["GET"]}}],"collection":[{"href":"https:\/\/mozirje.si\/porecje-savinje\/wp-json\/wp\/v2\/pages"}],"about":[{"href":"https:\/\/mozirje.si\/porecje-savinje\/wp-json\/wp\/v2\/types\/page"}],"author":[{"embeddable":true,"href":"https:\/\/mozirje.si\/porecje-savinje\/wp-json\/wp\/v2\/users\/2"}],"replies":[{"embeddable":true,"href":"https:\/\/mozirje.si\/porecje-savinje\/wp-json\/wp\/v2\/comments?post=46"}],"version-history":[{"count":2,"href":"https:\/\/mozirje.si\/porecje-savinje\/wp-json\/wp\/v2\/pages\/46\/revisions"}],"predecessor-version":[{"id":49,"href":"https:\/\/mozirje.si\/porecje-savinje\/wp-json\/wp\/v2\/pages\/46\/revisions\/49"}],"wp:attachment":[{"href":"https:\/\/mozirje.si\/porecje-savinje\/wp-json\/wp\/v2\/media?parent=46"}],"curies":[{"name":"wp","href":"https:\/\/api.w.org\/{rel}","templated":true}]}}