{"id":50,"date":"2022-01-31T11:14:57","date_gmt":"2022-01-31T11:14:57","guid":{"rendered":"https:\/\/mozirje.si\/porecje-savinje\/?page_id=50"},"modified":"2022-01-31T11:14:58","modified_gmt":"2022-01-31T11:14:58","slug":"svrk","status":"publish","type":"page","link":"https:\/\/mozirje.si\/porecje-savinje\/svrk\/","title":{"rendered":"SVRK"},"content":{"rendered":"\n<p>Evropska sredstva za \u010di\u0161\u010denje odpadne vode v pore\u010dju Savinje<\/p>\n\n\n\n<p><a href=\"https:\/\/www.gov.si\/novice\/2020-11-30-evropska-sredstva-za-ciscenje-odpadne-vode-v-porecju-savinje\/\">https:\/\/www.gov.si\/novice\/20 20-11-30-evropska-sredstva-za-ciscenje-odpadne-vode-v-porecju-savinje\/<\/a><\/p>\n\n\n\n<p>V Slu\u017ebi Vlade Republike Slovenije za razvoj in evropsko kohezijsko politiko smo izdali odlo\u010ditev o finan\u010dni podpori za projekt \u00bbOdvajanje in \u010di\u0161\u010denje v pore\u010dju Savinje \u2013 Ob\u010dina Mozirje\u00ab. Za 4,2 milijona evrov vreden projekt, ki ga bo izvajala Ob\u010dina Mozirje, bo Evropski sklad za regionalni razvoj prispeval 1,8 milijona evrov.<\/p>\n\n\n\n<p>Glavni cilj projekta, ki je del Dogovora za razvoj Savinjske razvojne regije, je zmanj\u0161anje odpadnih emisij v vode.<\/p>\n\n\n\n<p>V okviru projekta bo zgrajene 2,3 km sekundarne kanalizacije in dve \u010drpali\u0161\u010di v ob\u010dini Mozirje ter dograjena obstoje\u010da Centralna \u010distilna naprava, na katero odvajata odpadno vodo tudi ob\u010dini Nazarje in Re\u010dica ob Savinji.<\/p>\n\n\n\n<p>S tem bo zagotovljeno&nbsp; ustrezno \u010di\u0161\u010denje odpadnih vod v ob\u010dinah Mozirje, Nazarje in Re\u010dica ob Savinji, odvajanje odpadnih vod in zagotovljena najmanj 98% priklju\u010denost v aglomeraciji 8186 Mozirje.<\/p>\n","protected":false},"excerpt":{"rendered":"<p>Evropska sredstva za \u010di\u0161\u010denje odpadne vode v pore\u010dju Savinje https:\/\/www.gov.si\/novice\/20 20-11-30-evropska-sredstva-za-ciscenje-odpadne-vode-v-porecju-savinje\/ V Slu\u017ebi Vlade Republike Slovenije za razvoj in evropsko kohezijsko politiko smo izdali odlo\u010ditev o finan\u010dni podpori za projekt \u00bbOdvajanje in \u010di\u0161\u010denje v pore\u010dju Savinje \u2013 Ob\u010dina Mozirje\u00ab. Za 4,2 milijona evrov vreden projekt, ki ga bo izvajala Ob\u010dina Mozirje, bo Evropski sklad za [&hellip;]<\/p>\n","protected":false},"author":2,"featured_media":0,"parent":0,"menu_order":0,"comment_status":"closed","ping_status":"closed","template":"","meta":{"_et_pb_use_builder":"off","_et_pb_old_content":"","_et_gb_content_width":"","footnotes":""},"class_list":["post-50","page","type-page","status-publish","hentry"],"_links":{"self":[{"href":"https:\/\/mozirje.si\/porecje-savinje\/wp-json\/wp\/v2\/pages\/50","targetHints":{"allow":["GET"]}}],"collection":[{"href":"https:\/\/mozirje.si\/porecje-savinje\/wp-json\/wp\/v2\/pages"}],"about":[{"href":"https:\/\/mozirje.si\/porecje-savinje\/wp-json\/wp\/v2\/types\/page"}],"author":[{"embeddable":true,"href":"https:\/\/mozirje.si\/porecje-savinje\/wp-json\/wp\/v2\/users\/2"}],"replies":[{"embeddable":true,"href":"https:\/\/mozirje.si\/porecje-savinje\/wp-json\/wp\/v2\/comments?post=50"}],"version-history":[{"count":1,"href":"https:\/\/mozirje.si\/porecje-savinje\/wp-json\/wp\/v2\/pages\/50\/revisions"}],"predecessor-version":[{"id":51,"href":"https:\/\/mozirje.si\/porecje-savinje\/wp-json\/wp\/v2\/pages\/50\/revisions\/51"}],"wp:attachment":[{"href":"https:\/\/mozirje.si\/porecje-savinje\/wp-json\/wp\/v2\/media?parent=50"}],"curies":[{"name":"wp","href":"https:\/\/api.w.org\/{rel}","templated":true}]}}