{"id":6,"date":"2021-12-06T13:00:32","date_gmt":"2021-12-06T13:00:32","guid":{"rendered":"https:\/\/mozirje.si\/porecje-savinje\/?page_id=6"},"modified":"2023-09-06T12:53:41","modified_gmt":"2023-09-06T12:53:41","slug":"o-projektu","status":"publish","type":"page","link":"https:\/\/mozirje.si\/porecje-savinje\/","title":{"rendered":"O projektu"},"content":{"rendered":"\n<figure class=\"wp-block-image size-large\"><img loading=\"lazy\" decoding=\"async\" width=\"1024\" height=\"179\" src=\"https:\/\/mozirje.si\/porecje-savinje\/wp-content\/uploads\/2022\/12\/Logotipi_Naslovna_Obcine_Naslovi-1024x179.png\" alt=\"\" class=\"wp-image-64\" srcset=\"https:\/\/mozirje.si\/porecje-savinje\/wp-content\/uploads\/2022\/12\/Logotipi_Naslovna_Obcine_Naslovi-1024x179.png 1024w, https:\/\/mozirje.si\/porecje-savinje\/wp-content\/uploads\/2022\/12\/Logotipi_Naslovna_Obcine_Naslovi-300x53.png 300w, https:\/\/mozirje.si\/porecje-savinje\/wp-content\/uploads\/2022\/12\/Logotipi_Naslovna_Obcine_Naslovi-768x134.png 768w, https:\/\/mozirje.si\/porecje-savinje\/wp-content\/uploads\/2022\/12\/Logotipi_Naslovna_Obcine_Naslovi-1536x269.png 1536w, https:\/\/mozirje.si\/porecje-savinje\/wp-content\/uploads\/2022\/12\/Logotipi_Naslovna_Obcine_Naslovi-1080x189.png 1080w, https:\/\/mozirje.si\/porecje-savinje\/wp-content\/uploads\/2022\/12\/Logotipi_Naslovna_Obcine_Naslovi.png 2000w\" sizes=\"auto, (max-width: 1024px) 100vw, 1024px\" \/><\/figure>\n\n\n\n<p><\/p>\n\n\n\n<h2 class=\"wp-block-heading has-text-align-center\">Odvajanje in \u010di\u0161\u010denje v pore\u010dju Savinje &#8211; Ob\u010dina Mozirje<\/h2>\n\n\n\n<p><\/p>\n\n\n\n<p>Projekt se bo izvajal v okviru Operativnega programa za izvajanje evropske kohezijske politike v obdobju 2014\u22122020, 6. prednostne osi: Ohranjanje in varstvo okolja ter spodbujanje u\u010dinkovite uporabe virov, Prednostna nalo\u017eba 6.1: Vlaganje v vodni sektor za izpolnitev zahtev pravnega reda Unije na podro\u010dju okolja ter za zadovoljitev potreb po nalo\u017ebah, ki jih opredelijo dr\u017eave \u010dlanice in ki presegajo te zahteve, Specifi\u010dni cilj 1: Zmanj\u0161evanje emisij v vode zaradi izgradnje infrastrukture za odvajanje in \u010di\u0161\u010denje komunalnih odpadnih voda.<\/p>\n\n\n\n<p>Projekt je skladen z vsemi splo\u0161nimi pogoji OP 2014\u22122020, in sicer:<\/p>\n\n\n\n<ol class=\"wp-block-list\" type=\"1\">\n<li>je usklajen s cilji 6. prednostne osi OP EK \u00bbOhranjanje in varstvo okolja ter spodbujanje u\u010dinkovite uporabe virov\u00ab;<\/li>\n\n\n\n<li>prispeva k Specifi\u010dnemu cilju 1: Zmanj\u0161evanje emisij v vode zaradi izgradnje infrastrukture za odvajanje in \u010di\u0161\u010denje komunalnih odpadnih vod;<\/li>\n\n\n\n<li>je opredeljen v okviru obdobja upravi\u010denosti;<\/li>\n\n\n\n<li>je skladen s pravili o dr\u017eavnih pomo\u010deh;<\/li>\n\n\n\n<li>je skladen s horizontalnimi na\u010deli trajnostnega razvoja, nediskriminacije, enakih mo\u017enosti in dostopnosti, vklju\u010dno z dostopnostjo za invalide ter enakosti mo\u0161kih in \u017eensk.<\/li>\n<\/ol>\n\n\n\n<p>Projekt bo imel vpliv v Vzhodni kohezijski regiji. Namen projekta je zagotoviti ustrezno odvajanje in \u010di\u0161\u010denje komunalnih odpadnih vod v aglomeraciji 8186 Mozirje, ki ima ve\u010d kot 2000 PE. Prav tako je cilj zagotoviti ustrezno \u010di\u0161\u010denje komunalnih odpadnih vod prebivalcev ob\u010din Mozirje, Nazarje in Re\u010dica ob Savinji. Cilj projekta je izgradnja sekundarnega kanalizacijskega sistema v aglomeraciji 8186 Mozirje ter izgradnja in dograditev Centralne \u010distilne naprave Mozirje. S tem bo zagotovljeno ustrezno \u010di\u0161\u010denje odpadnih vod v treh ob\u010dinah, odvajanje odpadnih vod in zagotovljena najmanj 98% priklju\u010denost v aglomeraciji 8186 Mozirje ter naslednji spremljevalni cilji:<\/p>\n\n\n\n<ul class=\"wp-block-list\">\n<li>zmanj\u0161anje emisij v vode iz komunalnih virov onesna\u017eenja<\/li>\n\n\n\n<li>varovanje in za\u0161\u010dita vodnih virov<\/li>\n\n\n\n<li>sanacija virov onesna\u017eevanja iz naselij<\/li>\n\n\n\n<li>postavitev optimalnega koncepta odvajanja in \u010di\u0161\u010denja odpadnih vod<\/li>\n\n\n\n<li>izbolj\u0161ana kakovost povr\u0161inskih in podzemnih voda<\/li>\n\n\n\n<li>izbolj\u0161ani \u017eivljenjski pogoji prebivalstva<\/li>\n\n\n\n<li>zmanj\u0161ani pritiski na naravno okolje<\/li>\n\n\n\n<li>izbolj\u0161ani pogoji za u\u010dinkovito ohranitev biotske raznovrstnosti v regiji<\/li>\n\n\n\n<li>izbolj\u0161ana varnost pred onesna\u017eevanjem iz kanalizacije.<\/li>\n<\/ul>\n\n\n\n<p>Kazalniki za doseganje ciljev so:<\/p>\n\n\n\n<ul class=\"wp-block-list\">\n<li>izgradnja \u010distilne naprave na skupno kapaciteto 6.000 PE z dogradnjo gnili\u0161\u010da,<\/li>\n\n\n\n<li>novogradnja in dograditev kanalizacijskega omre\u017eja v aglomeraciji 8186 Mozirje v skupni dol\u017eini 2.324,84 m.<\/li>\n<\/ul>\n\n\n\n<p>V okviru operacije se bo realizacija predvidenih ukrepov spremljala preko naslednjih kazalnikov rezultata, vezano na krovni programski dokument Operativni program za izvajanje evropske kohezijske politike za obdobje 2014-2020:<\/p>\n\n\n\n<ul class=\"wp-block-list\">\n<li>Pove\u010danje obremenitev s komunalno odpadno vodo iz aglomeracij z obremenitvijo ve\u010djo od 2000 PE, ki se \u010disti na komunalni ali skupni \u010distilni napravi&nbsp;<\/li>\n<\/ul>\n\n\n\n<p>Projekt bo prispeval k dodatni priklju\u010ditvi 177 prebivalcev aglomeracije 8186 Mozirje ter skupno 2.639 prebivalcev priklju\u010denih na centralno \u010distilno napravo Mozirje.<\/p>\n\n\n\n<p>Skupna vrednost celotnega investicijskega projekta zna\u0161a 4.404.117,16 EUR z DDV po stalnih cenah. Ker gre za gradbena dela, ki se bodo izvajala za javni sektor ob upo\u0161tevanju javno naro\u010dni\u0161ke zakonodaje, na katero inflacija nima vpliva, so stalne cene enake teko\u010dim. Navedeno vklju\u010duje celotne upravi\u010dene in neupravi\u010dene stro\u0161ke projekta, torej upravi\u010dena sredstva s strani KS, dr\u017eavni prispevek in lastna sredstva vseh treh ob\u010din.<\/p>\n\n\n\n<figure class=\"wp-block-gallery has-nested-images columns-default is-cropped wp-block-gallery-1 is-layout-flex wp-block-gallery-is-layout-flex\">\n<figure class=\"wp-block-image size-large\"><img loading=\"lazy\" decoding=\"async\" width=\"1024\" height=\"680\" data-id=\"73\" src=\"https:\/\/mozirje.si\/porecje-savinje\/wp-content\/uploads\/2023\/09\/DSC_0029.JPG-1024x680.jpg\" alt=\"\" class=\"wp-image-73\" srcset=\"https:\/\/mozirje.si\/porecje-savinje\/wp-content\/uploads\/2023\/09\/DSC_0029.JPG-1024x680.jpg 1024w, https:\/\/mozirje.si\/porecje-savinje\/wp-content\/uploads\/2023\/09\/DSC_0029.JPG-300x199.jpg 300w, https:\/\/mozirje.si\/porecje-savinje\/wp-content\/uploads\/2023\/09\/DSC_0029.JPG-768x510.jpg 768w, https:\/\/mozirje.si\/porecje-savinje\/wp-content\/uploads\/2023\/09\/DSC_0029.JPG-1080x718.jpg 1080w, https:\/\/mozirje.si\/porecje-savinje\/wp-content\/uploads\/2023\/09\/DSC_0029.JPG.jpg 1204w\" sizes=\"auto, (max-width: 1024px) 100vw, 1024px\" \/><\/figure>\n\n\n\n<figure class=\"wp-block-image size-large\"><img loading=\"lazy\" decoding=\"async\" width=\"1024\" height=\"680\" data-id=\"71\" src=\"https:\/\/mozirje.si\/porecje-savinje\/wp-content\/uploads\/2023\/09\/DSC_0038.JPG-1024x680.jpg\" alt=\"\" class=\"wp-image-71\" srcset=\"https:\/\/mozirje.si\/porecje-savinje\/wp-content\/uploads\/2023\/09\/DSC_0038.JPG-1024x680.jpg 1024w, https:\/\/mozirje.si\/porecje-savinje\/wp-content\/uploads\/2023\/09\/DSC_0038.JPG-300x199.jpg 300w, https:\/\/mozirje.si\/porecje-savinje\/wp-content\/uploads\/2023\/09\/DSC_0038.JPG-768x510.jpg 768w, https:\/\/mozirje.si\/porecje-savinje\/wp-content\/uploads\/2023\/09\/DSC_0038.JPG-1080x718.jpg 1080w, https:\/\/mozirje.si\/porecje-savinje\/wp-content\/uploads\/2023\/09\/DSC_0038.JPG.jpg 1204w\" sizes=\"auto, (max-width: 1024px) 100vw, 1024px\" \/><\/figure>\n\n\n\n<figure class=\"wp-block-image size-large\"><img loading=\"lazy\" decoding=\"async\" width=\"1024\" height=\"680\" data-id=\"70\" src=\"https:\/\/mozirje.si\/porecje-savinje\/wp-content\/uploads\/2023\/09\/DSC_0043.JPG-1024x680.jpg\" alt=\"\" class=\"wp-image-70\" srcset=\"https:\/\/mozirje.si\/porecje-savinje\/wp-content\/uploads\/2023\/09\/DSC_0043.JPG-1024x680.jpg 1024w, https:\/\/mozirje.si\/porecje-savinje\/wp-content\/uploads\/2023\/09\/DSC_0043.JPG-300x199.jpg 300w, https:\/\/mozirje.si\/porecje-savinje\/wp-content\/uploads\/2023\/09\/DSC_0043.JPG-768x510.jpg 768w, https:\/\/mozirje.si\/porecje-savinje\/wp-content\/uploads\/2023\/09\/DSC_0043.JPG-1080x718.jpg 1080w, https:\/\/mozirje.si\/porecje-savinje\/wp-content\/uploads\/2023\/09\/DSC_0043.JPG.jpg 1204w\" sizes=\"auto, (max-width: 1024px) 100vw, 1024px\" \/><\/figure>\n\n\n\n<figure class=\"wp-block-image size-large\"><img loading=\"lazy\" decoding=\"async\" width=\"1024\" height=\"680\" data-id=\"69\" src=\"https:\/\/mozirje.si\/porecje-savinje\/wp-content\/uploads\/2023\/09\/DSC_0078.JPG-1024x680.jpg\" alt=\"\" class=\"wp-image-69\" srcset=\"https:\/\/mozirje.si\/porecje-savinje\/wp-content\/uploads\/2023\/09\/DSC_0078.JPG-1024x680.jpg 1024w, https:\/\/mozirje.si\/porecje-savinje\/wp-content\/uploads\/2023\/09\/DSC_0078.JPG-300x199.jpg 300w, https:\/\/mozirje.si\/porecje-savinje\/wp-content\/uploads\/2023\/09\/DSC_0078.JPG-768x510.jpg 768w, https:\/\/mozirje.si\/porecje-savinje\/wp-content\/uploads\/2023\/09\/DSC_0078.JPG-1080x718.jpg 1080w, https:\/\/mozirje.si\/porecje-savinje\/wp-content\/uploads\/2023\/09\/DSC_0078.JPG.jpg 1204w\" sizes=\"auto, (max-width: 1024px) 100vw, 1024px\" \/><\/figure>\n\n\n\n<figure class=\"wp-block-image size-large\"><img loading=\"lazy\" decoding=\"async\" width=\"709\" height=\"473\" data-id=\"72\" src=\"https:\/\/mozirje.si\/porecje-savinje\/wp-content\/uploads\/2023\/09\/ESOTECH-CCN-Mozirje-13-of-13.jpg.jpg\" alt=\"\" class=\"wp-image-72\" srcset=\"https:\/\/mozirje.si\/porecje-savinje\/wp-content\/uploads\/2023\/09\/ESOTECH-CCN-Mozirje-13-of-13.jpg.jpg 709w, https:\/\/mozirje.si\/porecje-savinje\/wp-content\/uploads\/2023\/09\/ESOTECH-CCN-Mozirje-13-of-13.jpg-300x200.jpg 300w\" sizes=\"auto, (max-width: 709px) 100vw, 709px\" \/><\/figure>\n<\/figure>\n","protected":false},"excerpt":{"rendered":"<p>Odvajanje in \u010di\u0161\u010denje v pore\u010dju Savinje &#8211; Ob\u010dina Mozirje Projekt se bo izvajal v okviru Operativnega programa za izvajanje evropske kohezijske politike v obdobju 2014\u22122020, 6. prednostne osi: Ohranjanje in varstvo okolja ter spodbujanje u\u010dinkovite uporabe virov, Prednostna nalo\u017eba 6.1: Vlaganje v vodni sektor za izpolnitev zahtev pravnega reda Unije na podro\u010dju okolja ter za [&hellip;]<\/p>\n","protected":false},"author":2,"featured_media":0,"parent":0,"menu_order":0,"comment_status":"closed","ping_status":"closed","template":"","meta":{"_et_pb_use_builder":"off","_et_pb_old_content":"<!-- wp:image {\"id\":28,\"sizeSlug\":\"large\",\"linkDestination\":\"none\"} -->\n<figure class=\"wp-block-image size-large\"><img src=\"https:\/\/mozirje.si\/porecje-savinje\/wp-content\/uploads\/2021\/12\/Logotipi_Naslovna-1024x159.png\" alt=\"\" class=\"wp-image-28\"\/><\/figure>\n<!-- \/wp:image -->\n\n<!-- wp:paragraph -->\n<p><\/p>\n<!-- \/wp:paragraph -->\n\n<!-- wp:heading {\"textAlign\":\"center\"} -->\n<h2 class=\"has-text-align-center\">Odvajanje in \u010di\u0161\u010denje v pore\u010dju Savinje - Ob\u010dina Mozirje<\/h2>\n<!-- \/wp:heading -->\n\n<!-- wp:paragraph -->\n<p><\/p>\n<!-- \/wp:paragraph -->\n\n<!-- wp:paragraph -->\n<p>Projekt se bo izvajal v okviru Operativnega programa za izvajanje evropske kohezijske politike v obdobju 2014\u22122020, 6. prednostne osi: Ohranjanje in varstvo okolja ter spodbujanje u\u010dinkovite uporabe virov, Prednostna nalo\u017eba 6.1: Vlaganje v vodni sektor za izpolnitev zahtev pravnega reda Unije na podro\u010dju okolja ter za zadovoljitev potreb po nalo\u017ebah, ki jih opredelijo dr\u017eave \u010dlanice in ki presegajo te zahteve, Specifi\u010dni cilj 1: Zmanj\u0161evanje emisij v vode zaradi izgradnje infrastrukture za odvajanje in \u010di\u0161\u010denje komunalnih odpadnih voda.<\/p>\n<!-- \/wp:paragraph -->\n\n<!-- wp:paragraph -->\n<p>Projekt je skladen z vsemi splo\u0161nimi pogoji OP 2014\u22122020, in sicer:<\/p>\n<!-- \/wp:paragraph -->\n\n<!-- wp:list {\"ordered\":true,\"type\":\"1\"} -->\n<ol type=\"1\"><li>je usklajen s cilji 6. prednostne osi OP EK \u00bbOhranjanje in varstvo okolja ter spodbujanje u\u010dinkovite uporabe virov\u00ab;<\/li><li>prispeva k Specifi\u010dnemu cilju 1: Zmanj\u0161evanje emisij v vode zaradi izgradnje infrastrukture za odvajanje in \u010di\u0161\u010denje komunalnih odpadnih vod;<\/li><li>je opredeljen v okviru obdobja upravi\u010denosti;<\/li><li>je skladen s pravili o dr\u017eavnih pomo\u010deh;<\/li><li>je skladen s horizontalnimi na\u010deli trajnostnega razvoja, nediskriminacije, enakih mo\u017enosti in dostopnosti, vklju\u010dno z dostopnostjo za invalide ter enakosti mo\u0161kih in \u017eensk.<\/li><\/ol>\n<!-- \/wp:list -->\n\n<!-- wp:paragraph -->\n<p>Projekt bo imel vpliv v Vzhodni kohezijski regiji. Namen projekta je zagotoviti ustrezno odvajanje in \u010di\u0161\u010denje komunalnih odpadnih vod v aglomeraciji 8186 Mozirje, ki ima ve\u010d kot 2000 PE. Prav tako je cilj zagotoviti ustrezno \u010di\u0161\u010denje komunalnih odpadnih vod prebivalcev ob\u010din Mozirje, Nazarje in Re\u010dica ob Savinji. Cilj projekta je izgradnja sekundarnega kanalizacijskega sistema v aglomeraciji 8186 Mozirje ter izgradnja in dograditev Centralne \u010distilne naprave Mozirje. S tem bo zagotovljeno ustrezno \u010di\u0161\u010denje odpadnih vod v treh ob\u010dinah, odvajanje odpadnih vod in zagotovljena najmanj 98% priklju\u010denost v aglomeraciji 8186 Mozirje ter naslednji spremljevalni cilji:<\/p>\n<!-- \/wp:paragraph -->\n\n<!-- wp:list -->\n<ul><li>zmanj\u0161anje emisij v vode iz komunalnih virov onesna\u017eenja<\/li><li>varovanje in za\u0161\u010dita vodnih virov<\/li><li>sanacija virov onesna\u017eevanja iz naselij<\/li><li>postavitev optimalnega koncepta odvajanja in \u010di\u0161\u010denja odpadnih vod<\/li><li>izbolj\u0161ana kakovost povr\u0161inskih in podzemnih voda<\/li><li>izbolj\u0161ani \u017eivljenjski pogoji prebivalstva<\/li><li>zmanj\u0161ani pritiski na naravno okolje<\/li><li>izbolj\u0161ani pogoji za u\u010dinkovito ohranitev biotske raznovrstnosti v regiji<\/li><li>izbolj\u0161ana varnost pred onesna\u017eevanjem iz kanalizacije.<\/li><\/ul>\n<!-- \/wp:list -->\n\n<!-- wp:paragraph -->\n<p>Kazalniki za doseganje ciljev so:<\/p>\n<!-- \/wp:paragraph -->\n\n<!-- wp:list -->\n<ul><li>izgradnja \u010distilne naprave na skupno kapaciteto 6.000 PE z dogradnjo gnili\u0161\u010da,<\/li><li>novogradnja in dograditev kanalizacijskega omre\u017eja v aglomeraciji 8186 Mozirje v skupni dol\u017eini 2.324,84 m.<\/li><\/ul>\n<!-- \/wp:list -->\n\n<!-- wp:paragraph -->\n<p>V okviru operacije se bo realizacija predvidenih ukrepov spremljala preko naslednjih kazalnikov rezultata, vezano na krovni programski dokument Operativni program za izvajanje evropske kohezijske politike za obdobje 2014-2020:<\/p>\n<!-- \/wp:paragraph -->\n\n<!-- wp:list -->\n<ul><li>Pove\u010danje obremenitev s komunalno odpadno vodo iz aglomeracij z obremenitvijo ve\u010djo od 2000 PE, ki se \u010disti na komunalni ali skupni \u010distilni napravi&nbsp;<\/li><\/ul>\n<!-- \/wp:list -->\n\n<!-- wp:paragraph -->\n<p>Projekt bo prispeval k dodatni priklju\u010ditvi 177 prebivalcev aglomeracije 8186 Mozirje ter skupno 2.639 prebivalcev priklju\u010denih na centralno \u010distilno napravo Mozirje.<\/p>\n<!-- \/wp:paragraph -->\n\n<!-- wp:paragraph -->\n<p>Skupna vrednost celotnega investicijskega projekta zna\u0161a 4.212.080,65 EUR z DDV po stalnih cenah. Ker gre za gradbena dela, ki se bodo izvajala za javni sektor ob upo\u0161tevanju javno naro\u010dni\u0161ke zakonodaje, na katero inflacija nima vpliva, so stalne cene enake teko\u010dim. Navedeno vklju\u010duje celotne upravi\u010dene in neupravi\u010dene stro\u0161ke projekta, torej upravi\u010dena sredstva s strani KS, dr\u017eavni prispevek in lastna sredstva vseh treh ob\u010din.<\/p>\n<!-- \/wp:paragraph -->","_et_gb_content_width":"","footnotes":""},"class_list":["post-6","page","type-page","status-publish","hentry"],"_links":{"self":[{"href":"https:\/\/mozirje.si\/porecje-savinje\/wp-json\/wp\/v2\/pages\/6","targetHints":{"allow":["GET"]}}],"collection":[{"href":"https:\/\/mozirje.si\/porecje-savinje\/wp-json\/wp\/v2\/pages"}],"about":[{"href":"https:\/\/mozirje.si\/porecje-savinje\/wp-json\/wp\/v2\/types\/page"}],"author":[{"embeddable":true,"href":"https:\/\/mozirje.si\/porecje-savinje\/wp-json\/wp\/v2\/users\/2"}],"replies":[{"embeddable":true,"href":"https:\/\/mozirje.si\/porecje-savinje\/wp-json\/wp\/v2\/comments?post=6"}],"version-history":[{"count":10,"href":"https:\/\/mozirje.si\/porecje-savinje\/wp-json\/wp\/v2\/pages\/6\/revisions"}],"predecessor-version":[{"id":105,"href":"https:\/\/mozirje.si\/porecje-savinje\/wp-json\/wp\/v2\/pages\/6\/revisions\/105"}],"wp:attachment":[{"href":"https:\/\/mozirje.si\/porecje-savinje\/wp-json\/wp\/v2\/media?parent=6"}],"curies":[{"name":"wp","href":"https:\/\/api.w.org\/{rel}","templated":true}]}}